{"id":14,"date":"2019-04-24T04:12:29","date_gmt":"2019-04-24T06:12:29","guid":{"rendered":"https:\/\/dev.mox.lt\/salprone\/?page_id=14"},"modified":"2023-01-12T13:02:41","modified_gmt":"2023-01-12T15:02:41","slug":"apie-mus","status":"publish","type":"page","link":"https:\/\/dev.mox.lt\/salprone\/apie-mus\/","title":{"rendered":"Apie mus"},"content":{"rendered":"\r\n<figure class=\"wp-block-embed-youtube wp-block-embed is-type-video is-provider-youtube wp-embed-aspect-16-9 wp-has-aspect-ratio\">\r\n<div class=\"wp-block-embed__wrapper\">https:\/\/youtu.be\/uhfwZB-IWU8<\/div>\r\n<\/figure>\r\n","protected":false},"excerpt":{"rendered":"","protected":false},"author":1,"featured_media":341,"parent":0,"menu_order":0,"comment_status":"closed","ping_status":"closed","template":"template-about-us.php","meta":[],"acf":[],"yoast_head":"<!-- This site is optimized with the Yoast SEO plugin v18.8 - https:\/\/yoast.com\/wordpress\/plugins\/seo\/ -->\n<title>Apie mus | Salpron\u0117 | salot\u0173 ekspertai<\/title>\n<meta name=\"description\" content=\"UAB \u201cSalpron\u0117\u201d \u2013 socialiai atsakinga ir novatori\u0161ka \u012fmon\u0117, kurios pagrindin\u0117 veikla yra salot\u0173 gamini\u0173 ruo\u0161imas. Supaprastiname kulinarin\u012f darb\u0105 ruo\u0161dami salotas ir j\u0173 gaminius. Siekiame, kad platus salot\u0173 ir j\u0173 gamini\u0173 asortimentas atitikt\u0173 net i\u0161rankiausio kliento poreikius.\" \/>\n<meta name=\"robots\" content=\"index, follow, max-snippet:-1, max-image-preview:large, max-video-preview:-1\" \/>\n<link rel=\"canonical\" href=\"https:\/\/dev.mox.lt\/salprone\/apie-mus\/\" \/>\n<meta property=\"og:locale\" content=\"lt_LT\" \/>\n<meta property=\"og:type\" content=\"article\" \/>\n<meta property=\"og:title\" content=\"Apie mus | Salpron\u0117 | salot\u0173 ekspertai\" \/>\n<meta property=\"og:description\" content=\"UAB \u201cSalpron\u0117\u201d \u2013 socialiai atsakinga ir novatori\u0161ka \u012fmon\u0117, kurios pagrindin\u0117 veikla yra salot\u0173 gamini\u0173 ruo\u0161imas. Supaprastiname kulinarin\u012f darb\u0105 ruo\u0161dami salotas ir j\u0173 gaminius. Siekiame, kad platus salot\u0173 ir j\u0173 gamini\u0173 asortimentas atitikt\u0173 net i\u0161rankiausio kliento poreikius.\" \/>\n<meta property=\"og:url\" content=\"https:\/\/dev.mox.lt\/salprone\/apie-mus\/\" \/>\n<meta property=\"og:site_name\" content=\"Salpron\u0117\" \/>\n<meta property=\"article:modified_time\" content=\"2023-01-12T15:02:41+00:00\" \/>\n<meta property=\"og:image\" content=\"https:\/\/dev.mox.lt\/salprone\/wp-content\/uploads\/2019\/10\/Pekino-nefasuota2-1619x1080.jpg\" \/>\n\t<meta property=\"og:image:width\" content=\"1619\" \/>\n\t<meta property=\"og:image:height\" content=\"1080\" \/>\n\t<meta property=\"og:image:type\" content=\"image\/jpeg\" \/>\n<meta name=\"twitter:card\" content=\"summary_large_image\" \/>\n<script type=\"application\/ld+json\" class=\"yoast-schema-graph\">{\"@context\":\"https:\/\/schema.org\",\"@graph\":[{\"@type\":\"WebSite\",\"@id\":\"https:\/\/dev.mox.lt\/salprone\/#website\",\"url\":\"https:\/\/dev.mox.lt\/salprone\/\",\"name\":\"Salpron\u0117\",\"description\":\"Pjaustyti ir plauti salot\u0173 gaminiai\",\"potentialAction\":[{\"@type\":\"SearchAction\",\"target\":{\"@type\":\"EntryPoint\",\"urlTemplate\":\"https:\/\/dev.mox.lt\/salprone\/?s={search_term_string}\"},\"query-input\":\"required name=search_term_string\"}],\"inLanguage\":\"lt-LT\"},{\"@type\":\"ImageObject\",\"inLanguage\":\"lt-LT\",\"@id\":\"https:\/\/dev.mox.lt\/salprone\/apie-mus\/#primaryimage\",\"url\":\"https:\/\/dev.mox.lt\/salprone\/wp-content\/uploads\/2019\/10\/Pekino-nefasuota2.jpg\",\"contentUrl\":\"https:\/\/dev.mox.lt\/salprone\/wp-content\/uploads\/2019\/10\/Pekino-nefasuota2.jpg\",\"width\":5225,\"height\":3485},{\"@type\":\"WebPage\",\"@id\":\"https:\/\/dev.mox.lt\/salprone\/apie-mus\/#webpage\",\"url\":\"https:\/\/dev.mox.lt\/salprone\/apie-mus\/\",\"name\":\"Apie mus | Salpron\u0117 | salot\u0173 ekspertai\",\"isPartOf\":{\"@id\":\"https:\/\/dev.mox.lt\/salprone\/#website\"},\"primaryImageOfPage\":{\"@id\":\"https:\/\/dev.mox.lt\/salprone\/apie-mus\/#primaryimage\"},\"datePublished\":\"2019-04-24T06:12:29+00:00\",\"dateModified\":\"2023-01-12T15:02:41+00:00\",\"description\":\"UAB \u201cSalpron\u0117\u201d \u2013 socialiai atsakinga ir novatori\u0161ka \u012fmon\u0117, kurios pagrindin\u0117 veikla yra salot\u0173 gamini\u0173 ruo\u0161imas. Supaprastiname kulinarin\u012f darb\u0105 ruo\u0161dami salotas ir j\u0173 gaminius. Siekiame, kad platus salot\u0173 ir j\u0173 gamini\u0173 asortimentas atitikt\u0173 net i\u0161rankiausio kliento poreikius.\",\"breadcrumb\":{\"@id\":\"https:\/\/dev.mox.lt\/salprone\/apie-mus\/#breadcrumb\"},\"inLanguage\":\"lt-LT\",\"potentialAction\":[{\"@type\":\"ReadAction\",\"target\":[\"https:\/\/dev.mox.lt\/salprone\/apie-mus\/\"]}]},{\"@type\":\"BreadcrumbList\",\"@id\":\"https:\/\/dev.mox.lt\/salprone\/apie-mus\/#breadcrumb\",\"itemListElement\":[{\"@type\":\"ListItem\",\"position\":1,\"name\":\"Home\",\"item\":\"https:\/\/dev.mox.lt\/salprone\/\"},{\"@type\":\"ListItem\",\"position\":2,\"name\":\"Apie mus\"}]}]}<\/script>\n<!-- \/ Yoast SEO plugin. -->","yoast_head_json":{"title":"Apie mus | Salpron\u0117 | salot\u0173 ekspertai","description":"UAB \u201cSalpron\u0117\u201d \u2013 socialiai atsakinga ir novatori\u0161ka \u012fmon\u0117, kurios pagrindin\u0117 veikla yra salot\u0173 gamini\u0173 ruo\u0161imas. Supaprastiname kulinarin\u012f darb\u0105 ruo\u0161dami salotas ir j\u0173 gaminius. Siekiame, kad platus salot\u0173 ir j\u0173 gamini\u0173 asortimentas atitikt\u0173 net i\u0161rankiausio kliento poreikius.","robots":{"index":"index","follow":"follow","max-snippet":"max-snippet:-1","max-image-preview":"max-image-preview:large","max-video-preview":"max-video-preview:-1"},"canonical":"https:\/\/dev.mox.lt\/salprone\/apie-mus\/","og_locale":"lt_LT","og_type":"article","og_title":"Apie mus | Salpron\u0117 | salot\u0173 ekspertai","og_description":"UAB \u201cSalpron\u0117\u201d \u2013 socialiai atsakinga ir novatori\u0161ka \u012fmon\u0117, kurios pagrindin\u0117 veikla yra salot\u0173 gamini\u0173 ruo\u0161imas. Supaprastiname kulinarin\u012f darb\u0105 ruo\u0161dami salotas ir j\u0173 gaminius. Siekiame, kad platus salot\u0173 ir j\u0173 gamini\u0173 asortimentas atitikt\u0173 net i\u0161rankiausio kliento poreikius.","og_url":"https:\/\/dev.mox.lt\/salprone\/apie-mus\/","og_site_name":"Salpron\u0117","article_modified_time":"2023-01-12T15:02:41+00:00","og_image":[{"width":1619,"height":1080,"url":"https:\/\/dev.mox.lt\/salprone\/wp-content\/uploads\/2019\/10\/Pekino-nefasuota2-1619x1080.jpg","type":"image\/jpeg"}],"twitter_card":"summary_large_image","schema":{"@context":"https:\/\/schema.org","@graph":[{"@type":"WebSite","@id":"https:\/\/dev.mox.lt\/salprone\/#website","url":"https:\/\/dev.mox.lt\/salprone\/","name":"Salpron\u0117","description":"Pjaustyti ir plauti salot\u0173 gaminiai","potentialAction":[{"@type":"SearchAction","target":{"@type":"EntryPoint","urlTemplate":"https:\/\/dev.mox.lt\/salprone\/?s={search_term_string}"},"query-input":"required name=search_term_string"}],"inLanguage":"lt-LT"},{"@type":"ImageObject","inLanguage":"lt-LT","@id":"https:\/\/dev.mox.lt\/salprone\/apie-mus\/#primaryimage","url":"https:\/\/dev.mox.lt\/salprone\/wp-content\/uploads\/2019\/10\/Pekino-nefasuota2.jpg","contentUrl":"https:\/\/dev.mox.lt\/salprone\/wp-content\/uploads\/2019\/10\/Pekino-nefasuota2.jpg","width":5225,"height":3485},{"@type":"WebPage","@id":"https:\/\/dev.mox.lt\/salprone\/apie-mus\/#webpage","url":"https:\/\/dev.mox.lt\/salprone\/apie-mus\/","name":"Apie mus | Salpron\u0117 | salot\u0173 ekspertai","isPartOf":{"@id":"https:\/\/dev.mox.lt\/salprone\/#website"},"primaryImageOfPage":{"@id":"https:\/\/dev.mox.lt\/salprone\/apie-mus\/#primaryimage"},"datePublished":"2019-04-24T06:12:29+00:00","dateModified":"2023-01-12T15:02:41+00:00","description":"UAB \u201cSalpron\u0117\u201d \u2013 socialiai atsakinga ir novatori\u0161ka \u012fmon\u0117, kurios pagrindin\u0117 veikla yra salot\u0173 gamini\u0173 ruo\u0161imas. Supaprastiname kulinarin\u012f darb\u0105 ruo\u0161dami salotas ir j\u0173 gaminius. Siekiame, kad platus salot\u0173 ir j\u0173 gamini\u0173 asortimentas atitikt\u0173 net i\u0161rankiausio kliento poreikius.","breadcrumb":{"@id":"https:\/\/dev.mox.lt\/salprone\/apie-mus\/#breadcrumb"},"inLanguage":"lt-LT","potentialAction":[{"@type":"ReadAction","target":["https:\/\/dev.mox.lt\/salprone\/apie-mus\/"]}]},{"@type":"BreadcrumbList","@id":"https:\/\/dev.mox.lt\/salprone\/apie-mus\/#breadcrumb","itemListElement":[{"@type":"ListItem","position":1,"name":"Home","item":"https:\/\/dev.mox.lt\/salprone\/"},{"@type":"ListItem","position":2,"name":"Apie mus"}]}]}},"_links":{"self":[{"href":"https:\/\/dev.mox.lt\/salprone\/wp-json\/wp\/v2\/pages\/14"}],"collection":[{"href":"https:\/\/dev.mox.lt\/salprone\/wp-json\/wp\/v2\/pages"}],"about":[{"href":"https:\/\/dev.mox.lt\/salprone\/wp-json\/wp\/v2\/types\/page"}],"author":[{"embeddable":true,"href":"https:\/\/dev.mox.lt\/salprone\/wp-json\/wp\/v2\/users\/1"}],"replies":[{"embeddable":true,"href":"https:\/\/dev.mox.lt\/salprone\/wp-json\/wp\/v2\/comments?post=14"}],"version-history":[{"count":29,"href":"https:\/\/dev.mox.lt\/salprone\/wp-json\/wp\/v2\/pages\/14\/revisions"}],"predecessor-version":[{"id":871,"href":"https:\/\/dev.mox.lt\/salprone\/wp-json\/wp\/v2\/pages\/14\/revisions\/871"}],"wp:featuredmedia":[{"embeddable":true,"href":"https:\/\/dev.mox.lt\/salprone\/wp-json\/wp\/v2\/media\/341"}],"wp:attachment":[{"href":"https:\/\/dev.mox.lt\/salprone\/wp-json\/wp\/v2\/media?parent=14"}],"curies":[{"name":"wp","href":"https:\/\/api.w.org\/{rel}","templated":true}]}}