{"id":2,"date":"2019-04-23T11:14:47","date_gmt":"2019-04-23T13:14:47","guid":{"rendered":"https:\/\/dev.mox.lt\/salprone\/?page_id=2"},"modified":"2023-01-12T13:10:45","modified_gmt":"2023-01-12T15:10:45","slug":"kontaktai","status":"publish","type":"page","link":"https:\/\/dev.mox.lt\/salprone\/kontaktai\/","title":{"rendered":"Kontaktai"},"content":{"rendered":"\r\n<p>Kauno g. 15B, LT-54334 Babtai, Kauno raj.<\/p>\r\n\r\n\r\n\r\n<p>\u012emon\u0117s kodas: 160419299<\/p>\r\n\r\n\r\n\r\n<p>PVM mok. kodas: LT604192917<\/p>\r\n\r\n\r\n\r\n<p>AB Bankas \u201cSwedbank\u201d: LT437300010108289597<\/p>\r\n\r\n\r\n\r\n<p>Tel: <a href=\"tel:+370 604 37453\">+370 604 37453<\/a><\/p>\r\n\r\n\r\n\r\n<p>El. pa\u0161tas: <a href=\"mailto:info-gfbaltic@green-factory.com\">info-gfbaltic@green-factory.com<\/a><\/p>\r\n","protected":false},"excerpt":{"rendered":"<p>Kauno g. 15B, LT-54334 Babtai, Kauno raj. \u012emon\u0117s kodas: 160419299 PVM mok. kodas: LT604192917 AB Bankas \u201cSwedbank\u201d: LT437300010108289597 Tel: +370 604 37453 El. pa\u0161tas: info-gfbaltic@green-factory.com<\/p>\n","protected":false},"author":1,"featured_media":0,"parent":0,"menu_order":0,"comment_status":"closed","ping_status":"open","template":"template-contact.php","meta":[],"acf":[],"yoast_head":"<!-- This site is optimized with the Yoast SEO plugin v18.8 - https:\/\/yoast.com\/wordpress\/plugins\/seo\/ -->\n<title>Kontaktai | Salpron\u0117 | Salot\u0173 mi\u0161iniai ir komercin\u0117s \/ HORECA salotos<\/title>\n<meta name=\"description\" content=\"Turite klausim\u0173 - kreipkit\u0117s, pad\u0117sime jums pasirinkti optimaliausius produktus, kuries atitikt\u0173 j\u016bs\u0173 poreikius.\" \/>\n<meta name=\"robots\" content=\"index, follow, max-snippet:-1, max-image-preview:large, max-video-preview:-1\" \/>\n<link rel=\"canonical\" href=\"https:\/\/dev.mox.lt\/salprone\/kontaktai\/\" \/>\n<meta property=\"og:locale\" content=\"lt_LT\" \/>\n<meta property=\"og:type\" content=\"article\" \/>\n<meta property=\"og:title\" content=\"Kontaktai | Salpron\u0117 | Salot\u0173 mi\u0161iniai ir komercin\u0117s \/ HORECA salotos\" \/>\n<meta property=\"og:description\" content=\"Turite klausim\u0173 - kreipkit\u0117s, pad\u0117sime jums pasirinkti optimaliausius produktus, kuries atitikt\u0173 j\u016bs\u0173 poreikius.\" \/>\n<meta property=\"og:url\" content=\"https:\/\/dev.mox.lt\/salprone\/kontaktai\/\" \/>\n<meta property=\"og:site_name\" content=\"Salpron\u0117\" \/>\n<meta property=\"article:modified_time\" content=\"2023-01-12T15:10:45+00:00\" \/>\n<meta name=\"twitter:card\" content=\"summary_large_image\" \/>\n<meta name=\"twitter:label1\" content=\"Est. reading time\" \/>\n\t<meta name=\"twitter:data1\" content=\"1 minut\u0117\" \/>\n<script type=\"application\/ld+json\" class=\"yoast-schema-graph\">{\"@context\":\"https:\/\/schema.org\",\"@graph\":[{\"@type\":\"WebSite\",\"@id\":\"https:\/\/dev.mox.lt\/salprone\/#website\",\"url\":\"https:\/\/dev.mox.lt\/salprone\/\",\"name\":\"Salpron\u0117\",\"description\":\"Pjaustyti ir plauti salot\u0173 gaminiai\",\"potentialAction\":[{\"@type\":\"SearchAction\",\"target\":{\"@type\":\"EntryPoint\",\"urlTemplate\":\"https:\/\/dev.mox.lt\/salprone\/?s={search_term_string}\"},\"query-input\":\"required name=search_term_string\"}],\"inLanguage\":\"lt-LT\"},{\"@type\":\"WebPage\",\"@id\":\"https:\/\/dev.mox.lt\/salprone\/kontaktai\/#webpage\",\"url\":\"https:\/\/dev.mox.lt\/salprone\/kontaktai\/\",\"name\":\"Kontaktai | Salpron\u0117 | Salot\u0173 mi\u0161iniai ir komercin\u0117s \/ HORECA salotos\",\"isPartOf\":{\"@id\":\"https:\/\/dev.mox.lt\/salprone\/#website\"},\"datePublished\":\"2019-04-23T13:14:47+00:00\",\"dateModified\":\"2023-01-12T15:10:45+00:00\",\"description\":\"Turite klausim\u0173 - kreipkit\u0117s, pad\u0117sime jums pasirinkti optimaliausius produktus, kuries atitikt\u0173 j\u016bs\u0173 poreikius.\",\"breadcrumb\":{\"@id\":\"https:\/\/dev.mox.lt\/salprone\/kontaktai\/#breadcrumb\"},\"inLanguage\":\"lt-LT\",\"potentialAction\":[{\"@type\":\"ReadAction\",\"target\":[\"https:\/\/dev.mox.lt\/salprone\/kontaktai\/\"]}]},{\"@type\":\"BreadcrumbList\",\"@id\":\"https:\/\/dev.mox.lt\/salprone\/kontaktai\/#breadcrumb\",\"itemListElement\":[{\"@type\":\"ListItem\",\"position\":1,\"name\":\"Home\",\"item\":\"https:\/\/dev.mox.lt\/salprone\/\"},{\"@type\":\"ListItem\",\"position\":2,\"name\":\"Kontaktai\"}]}]}<\/script>\n<!-- \/ Yoast SEO plugin. -->","yoast_head_json":{"title":"Kontaktai | Salpron\u0117 | Salot\u0173 mi\u0161iniai ir komercin\u0117s \/ HORECA salotos","description":"Turite klausim\u0173 - kreipkit\u0117s, pad\u0117sime jums pasirinkti optimaliausius produktus, kuries atitikt\u0173 j\u016bs\u0173 poreikius.","robots":{"index":"index","follow":"follow","max-snippet":"max-snippet:-1","max-image-preview":"max-image-preview:large","max-video-preview":"max-video-preview:-1"},"canonical":"https:\/\/dev.mox.lt\/salprone\/kontaktai\/","og_locale":"lt_LT","og_type":"article","og_title":"Kontaktai | Salpron\u0117 | Salot\u0173 mi\u0161iniai ir komercin\u0117s \/ HORECA salotos","og_description":"Turite klausim\u0173 - kreipkit\u0117s, pad\u0117sime jums pasirinkti optimaliausius produktus, kuries atitikt\u0173 j\u016bs\u0173 poreikius.","og_url":"https:\/\/dev.mox.lt\/salprone\/kontaktai\/","og_site_name":"Salpron\u0117","article_modified_time":"2023-01-12T15:10:45+00:00","twitter_card":"summary_large_image","twitter_misc":{"Est. reading time":"1 minut\u0117"},"schema":{"@context":"https:\/\/schema.org","@graph":[{"@type":"WebSite","@id":"https:\/\/dev.mox.lt\/salprone\/#website","url":"https:\/\/dev.mox.lt\/salprone\/","name":"Salpron\u0117","description":"Pjaustyti ir plauti salot\u0173 gaminiai","potentialAction":[{"@type":"SearchAction","target":{"@type":"EntryPoint","urlTemplate":"https:\/\/dev.mox.lt\/salprone\/?s={search_term_string}"},"query-input":"required name=search_term_string"}],"inLanguage":"lt-LT"},{"@type":"WebPage","@id":"https:\/\/dev.mox.lt\/salprone\/kontaktai\/#webpage","url":"https:\/\/dev.mox.lt\/salprone\/kontaktai\/","name":"Kontaktai | Salpron\u0117 | Salot\u0173 mi\u0161iniai ir komercin\u0117s \/ HORECA salotos","isPartOf":{"@id":"https:\/\/dev.mox.lt\/salprone\/#website"},"datePublished":"2019-04-23T13:14:47+00:00","dateModified":"2023-01-12T15:10:45+00:00","description":"Turite klausim\u0173 - kreipkit\u0117s, pad\u0117sime jums pasirinkti optimaliausius produktus, kuries atitikt\u0173 j\u016bs\u0173 poreikius.","breadcrumb":{"@id":"https:\/\/dev.mox.lt\/salprone\/kontaktai\/#breadcrumb"},"inLanguage":"lt-LT","potentialAction":[{"@type":"ReadAction","target":["https:\/\/dev.mox.lt\/salprone\/kontaktai\/"]}]},{"@type":"BreadcrumbList","@id":"https:\/\/dev.mox.lt\/salprone\/kontaktai\/#breadcrumb","itemListElement":[{"@type":"ListItem","position":1,"name":"Home","item":"https:\/\/dev.mox.lt\/salprone\/"},{"@type":"ListItem","position":2,"name":"Kontaktai"}]}]}},"_links":{"self":[{"href":"https:\/\/dev.mox.lt\/salprone\/wp-json\/wp\/v2\/pages\/2"}],"collection":[{"href":"https:\/\/dev.mox.lt\/salprone\/wp-json\/wp\/v2\/pages"}],"about":[{"href":"https:\/\/dev.mox.lt\/salprone\/wp-json\/wp\/v2\/types\/page"}],"author":[{"embeddable":true,"href":"https:\/\/dev.mox.lt\/salprone\/wp-json\/wp\/v2\/users\/1"}],"replies":[{"embeddable":true,"href":"https:\/\/dev.mox.lt\/salprone\/wp-json\/wp\/v2\/comments?post=2"}],"version-history":[{"count":28,"href":"https:\/\/dev.mox.lt\/salprone\/wp-json\/wp\/v2\/pages\/2\/revisions"}],"predecessor-version":[{"id":880,"href":"https:\/\/dev.mox.lt\/salprone\/wp-json\/wp\/v2\/pages\/2\/revisions\/880"}],"wp:attachment":[{"href":"https:\/\/dev.mox.lt\/salprone\/wp-json\/wp\/v2\/media?parent=2"}],"curies":[{"name":"wp","href":"https:\/\/api.w.org\/{rel}","templated":true}]}}