{"id":833,"date":"2022-06-27T11:21:08","date_gmt":"2022-06-27T13:21:08","guid":{"rendered":"https:\/\/dev.mox.lt\/salprone\/?page_id=833"},"modified":"2022-12-22T05:15:24","modified_gmt":"2022-12-22T07:15:24","slug":"karjera","status":"publish","type":"page","link":"https:\/\/dev.mox.lt\/salprone\/karjera\/","title":{"rendered":"Karjera"},"content":{"rendered":"<p>UAB Green Factory Baltic (buvusi UAB Salpron\u0117) \u2013 did\u017eiausia \u012fmon\u0117 Baltijos \u0161alyse, jau 20 met\u0173 u\u017esiimanti salot\u0173 mi\u0161ini\u0173 ir \u0161vie\u017ei\u0173 dar\u017eovi\u0173 pusgamini\u0173 gamyba bei didmenine prekyba.\u00a0 \u0160iuo metu beveik 130 m\u016bs\u0173 darbuotoj\u0173 dirba tam, kad savo vartotojams ir verslo klientams gal\u0117tume pasi\u016blyti \u012fvairi\u0173 salot\u0173 ir kit\u0173 dar\u017eovi\u0173 pusgamini\u0173, paruo\u0161t\u0173 greitam ir sveikam vartojimui.<\/p>\n<p>UAB Green Factory Baltic (buvusi UAB Salpron\u0117) priklauso tarptautinei Green Holding grupei, turin\u010diai 1500 darbuotoj\u0173 ir daugiau kaip 20 \u012fmoni\u0173 \u012fvairiose Europos \u0161alyse, u\u017esiiman\u010di\u0173 salot\u0173 bei dar\u017eovi\u0173 auginimu, mi\u0161ini\u0173 ir pusgamini\u0173 gamyba, didmenine prekyba, transportavimu bei logistika. Gamyba vykdoma penkiose Green Factory gamyklose Lenkijoje, Lietuvoje, Vengrijoje ir Ukrainoje.<\/p>\n<p>\u012emon\u0117s klientai \u2013 didieji prekybos tinklai, HoReCa sektorius ir tokie visame pasaulyje \u017einomi greitojo maisto restoranai kaip McDonald\u2018s ir KFC. Green Factory gamyklose gaminami salot\u0173 mi\u0161iniai ir \u0161vie\u017ei\u0173 dar\u017eovi\u0173 pusgaminiai lyderiauja ne tik Baltijos \u0161ali\u0173, bet ir Lenkijos, Ukrainos, Vengrijos, \u010cekijos bei Slovakijos rinkose.<\/p>\n<p>Norite prie m\u016bs\u0173 prisijungti? J\u016bs\u0173 CV lauksime el. pa\u0161tu <a href=\"mailto:info@salprone.lt\">info@salprone.lt<\/a><\/p>\n<p>&nbsp;<\/p>\n<p>&nbsp;<\/p>\n","protected":false},"excerpt":{"rendered":"<p>UAB Green Factory Baltic (buvusi UAB Salpron\u0117) \u2013 did\u017eiausia \u012fmon\u0117 Baltijos \u0161alyse, jau 20 met\u0173 u\u017esiimanti salot\u0173 mi\u0161ini\u0173 ir \u0161vie\u017ei\u0173 dar\u017eovi\u0173 pusgamini\u0173 gamyba bei didmenine prekyba.\u00a0 \u0160iuo metu beveik 130 m\u016bs\u0173 darbuotoj\u0173 dirba tam, kad savo vartotojams ir verslo klientams gal\u0117tume pasi\u016blyti \u012fvairi\u0173 salot\u0173 ir kit\u0173 dar\u017eovi\u0173 pusgamini\u0173, paruo\u0161t\u0173 greitam ir sveikam vartojimui. UAB Green [&hellip;]<\/p>\n","protected":false},"author":1,"featured_media":0,"parent":0,"menu_order":0,"comment_status":"closed","ping_status":"closed","template":"","meta":[],"acf":[],"yoast_head":"<!-- This site is optimized with the Yoast SEO plugin v18.8 - https:\/\/yoast.com\/wordpress\/plugins\/seo\/ -->\n<title>Karjera | Salpron\u0117<\/title>\n<meta name=\"robots\" content=\"index, follow, max-snippet:-1, max-image-preview:large, max-video-preview:-1\" \/>\n<link rel=\"canonical\" href=\"https:\/\/dev.mox.lt\/salprone\/karjera\/\" \/>\n<meta property=\"og:locale\" content=\"lt_LT\" \/>\n<meta property=\"og:type\" content=\"article\" \/>\n<meta property=\"og:title\" content=\"Karjera | Salpron\u0117\" \/>\n<meta property=\"og:description\" content=\"UAB Green Factory Baltic (buvusi UAB Salpron\u0117) \u2013 did\u017eiausia \u012fmon\u0117 Baltijos \u0161alyse, jau 20 met\u0173 u\u017esiimanti salot\u0173 mi\u0161ini\u0173 ir \u0161vie\u017ei\u0173 dar\u017eovi\u0173 pusgamini\u0173 gamyba bei didmenine prekyba.\u00a0 \u0160iuo metu beveik 130 m\u016bs\u0173 darbuotoj\u0173 dirba tam, kad savo vartotojams ir verslo klientams gal\u0117tume pasi\u016blyti \u012fvairi\u0173 salot\u0173 ir kit\u0173 dar\u017eovi\u0173 pusgamini\u0173, paruo\u0161t\u0173 greitam ir sveikam vartojimui. UAB Green [&hellip;]\" \/>\n<meta property=\"og:url\" content=\"https:\/\/dev.mox.lt\/salprone\/karjera\/\" \/>\n<meta property=\"og:site_name\" content=\"Salpron\u0117\" \/>\n<meta property=\"article:modified_time\" content=\"2022-12-22T07:15:24+00:00\" \/>\n<meta name=\"twitter:card\" content=\"summary_large_image\" \/>\n<meta name=\"twitter:label1\" content=\"Est. reading time\" \/>\n\t<meta name=\"twitter:data1\" content=\"1 minut\u0117\" \/>\n<script type=\"application\/ld+json\" class=\"yoast-schema-graph\">{\"@context\":\"https:\/\/schema.org\",\"@graph\":[{\"@type\":\"WebSite\",\"@id\":\"https:\/\/dev.mox.lt\/salprone\/#website\",\"url\":\"https:\/\/dev.mox.lt\/salprone\/\",\"name\":\"Salpron\u0117\",\"description\":\"Pjaustyti ir plauti salot\u0173 gaminiai\",\"potentialAction\":[{\"@type\":\"SearchAction\",\"target\":{\"@type\":\"EntryPoint\",\"urlTemplate\":\"https:\/\/dev.mox.lt\/salprone\/?s={search_term_string}\"},\"query-input\":\"required name=search_term_string\"}],\"inLanguage\":\"lt-LT\"},{\"@type\":\"WebPage\",\"@id\":\"https:\/\/dev.mox.lt\/salprone\/karjera\/#webpage\",\"url\":\"https:\/\/dev.mox.lt\/salprone\/karjera\/\",\"name\":\"Karjera | Salpron\u0117\",\"isPartOf\":{\"@id\":\"https:\/\/dev.mox.lt\/salprone\/#website\"},\"datePublished\":\"2022-06-27T13:21:08+00:00\",\"dateModified\":\"2022-12-22T07:15:24+00:00\",\"breadcrumb\":{\"@id\":\"https:\/\/dev.mox.lt\/salprone\/karjera\/#breadcrumb\"},\"inLanguage\":\"lt-LT\",\"potentialAction\":[{\"@type\":\"ReadAction\",\"target\":[\"https:\/\/dev.mox.lt\/salprone\/karjera\/\"]}]},{\"@type\":\"BreadcrumbList\",\"@id\":\"https:\/\/dev.mox.lt\/salprone\/karjera\/#breadcrumb\",\"itemListElement\":[{\"@type\":\"ListItem\",\"position\":1,\"name\":\"Home\",\"item\":\"https:\/\/dev.mox.lt\/salprone\/\"},{\"@type\":\"ListItem\",\"position\":2,\"name\":\"Karjera\"}]}]}<\/script>\n<!-- \/ Yoast SEO plugin. -->","yoast_head_json":{"title":"Karjera | Salpron\u0117","robots":{"index":"index","follow":"follow","max-snippet":"max-snippet:-1","max-image-preview":"max-image-preview:large","max-video-preview":"max-video-preview:-1"},"canonical":"https:\/\/dev.mox.lt\/salprone\/karjera\/","og_locale":"lt_LT","og_type":"article","og_title":"Karjera | Salpron\u0117","og_description":"UAB Green Factory Baltic (buvusi UAB Salpron\u0117) \u2013 did\u017eiausia \u012fmon\u0117 Baltijos \u0161alyse, jau 20 met\u0173 u\u017esiimanti salot\u0173 mi\u0161ini\u0173 ir \u0161vie\u017ei\u0173 dar\u017eovi\u0173 pusgamini\u0173 gamyba bei didmenine prekyba.\u00a0 \u0160iuo metu beveik 130 m\u016bs\u0173 darbuotoj\u0173 dirba tam, kad savo vartotojams ir verslo klientams gal\u0117tume pasi\u016blyti \u012fvairi\u0173 salot\u0173 ir kit\u0173 dar\u017eovi\u0173 pusgamini\u0173, paruo\u0161t\u0173 greitam ir sveikam vartojimui. UAB Green [&hellip;]","og_url":"https:\/\/dev.mox.lt\/salprone\/karjera\/","og_site_name":"Salpron\u0117","article_modified_time":"2022-12-22T07:15:24+00:00","twitter_card":"summary_large_image","twitter_misc":{"Est. reading time":"1 minut\u0117"},"schema":{"@context":"https:\/\/schema.org","@graph":[{"@type":"WebSite","@id":"https:\/\/dev.mox.lt\/salprone\/#website","url":"https:\/\/dev.mox.lt\/salprone\/","name":"Salpron\u0117","description":"Pjaustyti ir plauti salot\u0173 gaminiai","potentialAction":[{"@type":"SearchAction","target":{"@type":"EntryPoint","urlTemplate":"https:\/\/dev.mox.lt\/salprone\/?s={search_term_string}"},"query-input":"required name=search_term_string"}],"inLanguage":"lt-LT"},{"@type":"WebPage","@id":"https:\/\/dev.mox.lt\/salprone\/karjera\/#webpage","url":"https:\/\/dev.mox.lt\/salprone\/karjera\/","name":"Karjera | Salpron\u0117","isPartOf":{"@id":"https:\/\/dev.mox.lt\/salprone\/#website"},"datePublished":"2022-06-27T13:21:08+00:00","dateModified":"2022-12-22T07:15:24+00:00","breadcrumb":{"@id":"https:\/\/dev.mox.lt\/salprone\/karjera\/#breadcrumb"},"inLanguage":"lt-LT","potentialAction":[{"@type":"ReadAction","target":["https:\/\/dev.mox.lt\/salprone\/karjera\/"]}]},{"@type":"BreadcrumbList","@id":"https:\/\/dev.mox.lt\/salprone\/karjera\/#breadcrumb","itemListElement":[{"@type":"ListItem","position":1,"name":"Home","item":"https:\/\/dev.mox.lt\/salprone\/"},{"@type":"ListItem","position":2,"name":"Karjera"}]}]}},"_links":{"self":[{"href":"https:\/\/dev.mox.lt\/salprone\/wp-json\/wp\/v2\/pages\/833"}],"collection":[{"href":"https:\/\/dev.mox.lt\/salprone\/wp-json\/wp\/v2\/pages"}],"about":[{"href":"https:\/\/dev.mox.lt\/salprone\/wp-json\/wp\/v2\/types\/page"}],"author":[{"embeddable":true,"href":"https:\/\/dev.mox.lt\/salprone\/wp-json\/wp\/v2\/users\/1"}],"replies":[{"embeddable":true,"href":"https:\/\/dev.mox.lt\/salprone\/wp-json\/wp\/v2\/comments?post=833"}],"version-history":[{"count":7,"href":"https:\/\/dev.mox.lt\/salprone\/wp-json\/wp\/v2\/pages\/833\/revisions"}],"predecessor-version":[{"id":865,"href":"https:\/\/dev.mox.lt\/salprone\/wp-json\/wp\/v2\/pages\/833\/revisions\/865"}],"wp:attachment":[{"href":"https:\/\/dev.mox.lt\/salprone\/wp-json\/wp\/v2\/media?parent=833"}],"curies":[{"name":"wp","href":"https:\/\/api.w.org\/{rel}","templated":true}]}}